{"id":3,"date":"2024-12-22T22:42:03","date_gmt":"2024-12-22T22:42:03","guid":{"rendered":"https:\/\/projeto.portaleducabrasil.com\/?page_id=3"},"modified":"2025-09-09T20:54:47","modified_gmt":"2025-09-09T20:54:47","slug":"politicas-de-privacidade","status":"publish","type":"page","link":"https:\/\/creawebs.com.br\/nutricionista\/politicas-de-privacidade\/","title":{"rendered":"Pol\u00edticas de Privacidade"},"content":{"rendered":"\t\t<div data-elementor-type=\"wp-page\" data-elementor-id=\"3\" class=\"elementor elementor-3\">\n\t\t\t\t<div class=\"elementor-element elementor-element-9e64405 e-flex e-con-boxed wpr-particle-no wpr-jarallax-no wpr-parallax-no wpr-sticky-section-no e-con e-parent\" data-id=\"9e64405\" data-element_type=\"container\">\n\t\t\t\t\t<div class=\"e-con-inner\">\n\t\t\t\t<div class=\"elementor-element elementor-element-d60544e elementor-widget elementor-widget-heading\" data-id=\"d60544e\" data-element_type=\"widget\" data-widget_type=\"heading.default\">\n\t\t\t\t<div class=\"elementor-widget-container\">\n\t\t\t\t\t<h2 class=\"elementor-heading-title elementor-size-default\">Pol\u00edtica de Privacidade<\/h2>\t\t\t\t<\/div>\n\t\t\t\t<\/div>\n\t\t\t\t<div class=\"elementor-element elementor-element-c10dce8 elementor-widget elementor-widget-text-editor\" data-id=\"c10dce8\" data-element_type=\"widget\" data-widget_type=\"text-editor.default\">\n\t\t\t\t<div class=\"elementor-widget-container\">\n\t\t\t\t\t\t\t\t\t<p class=\"\" data-start=\"213\" data-end=\"388\">Esta Pol\u00edtica de Privacidade descreve como as informa\u00e7\u00f5es pessoais s\u00e3o coletadas, usadas e protegidas ao visitar ou utilizar o site da\u00a0<a href=\"https:\/\/creawebs.com.br\/nutricionista\/\"><strong data-start=\"348\" data-end=\"387\">Dra. Morgana Moraes \u2013 Nutricionista<\/strong>.<\/a><\/p>\n<h4 class=\"\" data-start=\"390\" data-end=\"419\">1. Coleta de Informa\u00e7\u00f5es<\/h4>\n<p class=\"\" data-start=\"421\" data-end=\"524\">Coletamos informa\u00e7\u00f5es pessoais que voc\u00ea fornece voluntariamente ao preencher formul\u00e1rios no site, como:<\/p>\n<ul data-start=\"525\" data-end=\"622\">\n<li class=\"\" data-start=\"525\" data-end=\"531\">\n<p class=\"\" data-start=\"527\" data-end=\"531\">Nome<\/p>\n<\/li>\n<li class=\"\" data-start=\"532\" data-end=\"540\">\n<p class=\"\" data-start=\"534\" data-end=\"540\">E-mail<\/p>\n<\/li>\n<li class=\"\" data-start=\"541\" data-end=\"551\">\n<p class=\"\" data-start=\"543\" data-end=\"551\">Telefone<\/p>\n<\/li>\n<li class=\"\" data-start=\"552\" data-end=\"622\">\n<p class=\"\" data-start=\"554\" data-end=\"622\">Outras informa\u00e7\u00f5es fornecidas em mensagens ou formul\u00e1rios de contato<\/p>\n<\/li>\n<\/ul>\n<p class=\"\" data-start=\"624\" data-end=\"815\">Essas informa\u00e7\u00f5es s\u00e3o utilizadas exclusivamente para responder \u00e0s suas solicita\u00e7\u00f5es, fornecer orienta\u00e7\u00f5es profissionais e, quando autorizado, enviar comunica\u00e7\u00f5es informativas ou promocionais.<\/p>\n<h4 class=\"\" data-start=\"817\" data-end=\"839\">2. Uso de Cookies<\/h4>\n<p class=\"\" data-start=\"841\" data-end=\"1151\">Este site pode utilizar cookies para melhorar a sua experi\u00eancia de navega\u00e7\u00e3o. Cookies s\u00e3o pequenos arquivos armazenados no seu navegador, que ajudam a entender como voc\u00ea interage com o site. Voc\u00ea pode configurar seu navegador para recusar todos os cookies ou para avisar quando um cookie estiver sendo enviado.<\/p>\n<h4 class=\"\" data-start=\"1153\" data-end=\"1186\">3. Compartilhamento de Dados<\/h4>\n<p class=\"\" data-start=\"1188\" data-end=\"1409\">Seus dados\u00a0<strong data-start=\"1199\" data-end=\"1247\">n\u00e3o s\u00e3o vendidos, alugados ou compartilhados<\/strong>\u00a0com terceiros, exceto quando necess\u00e1rio para presta\u00e7\u00e3o de servi\u00e7os (como sistemas de agendamento ou envio de e-mails) e sempre em conformidade com esta Pol\u00edtica.<\/p>\n<h4 class=\"\" data-start=\"1411\" data-end=\"1428\">4. Seguran\u00e7a<\/h4>\n<p class=\"\" data-start=\"1430\" data-end=\"1566\">Adotamos medidas de seguran\u00e7a para proteger suas informa\u00e7\u00f5es pessoais contra acesso n\u00e3o autorizado, altera\u00e7\u00e3o, divulga\u00e7\u00e3o ou destrui\u00e7\u00e3o.<\/p>\n<h4 class=\"\" data-start=\"1568\" data-end=\"1589\">5. Seus Direitos<\/h4>\n<p class=\"\" data-start=\"1591\" data-end=\"1741\">Voc\u00ea pode solicitar a exclus\u00e3o ou corre\u00e7\u00e3o de seus dados a qualquer momento. Basta entrar em contato por e-mail ou pelo formul\u00e1rio dispon\u00edvel no site.<\/p>\n<h4 class=\"\" data-start=\"1743\" data-end=\"1776\">6. Altera\u00e7\u00f5es nesta Pol\u00edtica<\/h4>\n<p class=\"\" data-start=\"1778\" data-end=\"1944\">Esta Pol\u00edtica pode ser atualizada periodicamente. Recomendamos que voc\u00ea a revise ocasionalmente para se manter informado sobre como seus dados est\u00e3o sendo protegidos.<\/p>\n<h4 class=\"\" data-start=\"1946\" data-end=\"1961\">7. Contato<\/h4>\n<p class=\"\" data-start=\"1963\" data-end=\"2105\">Em caso de d\u00favidas sobre esta Pol\u00edtica de Privacidade, entre em contato com a Dra. Morgana Moraes atrav\u00e9s do e-mail:\u00a0<strong data-start=\"2080\" data-end=\"2105\">contato@morgananutri.com<\/strong><\/p>\t\t\t\t\t\t\t\t<\/div>\n\t\t\t\t<\/div>\n\t\t\t\t\t<\/div>\n\t\t\t\t<\/div>\n\t\t\t\t<\/div>\n\t\t","protected":false},"excerpt":{"rendered":"<p>Pol\u00edtica de Privacidade Esta Pol\u00edtica de Privacidade descreve como as informa\u00e7\u00f5es pessoais s\u00e3o coletadas, usadas e protegidas ao visitar ou utilizar o site da\u00a0Dra. Morgana Moraes \u2013 Nutricionista. 1. Coleta de Informa\u00e7\u00f5es Coletamos informa\u00e7\u00f5es pessoais que voc\u00ea fornece voluntariamente ao preencher formul\u00e1rios no site, como: Nome E-mail Telefone Outras informa\u00e7\u00f5es fornecidas em mensagens ou formul\u00e1rios de contato Essas informa\u00e7\u00f5es s\u00e3o utilizadas exclusivamente para responder \u00e0s suas solicita\u00e7\u00f5es, fornecer orienta\u00e7\u00f5es profissionais e, quando autorizado, enviar comunica\u00e7\u00f5es informativas ou promocionais. 2. Uso de Cookies Este site pode utilizar cookies para melhorar a sua experi\u00eancia de navega\u00e7\u00e3o. Cookies s\u00e3o pequenos arquivos armazenados no seu navegador, que ajudam a entender como voc\u00ea interage com o site. Voc\u00ea pode configurar seu navegador para recusar todos os cookies ou para avisar quando um cookie estiver sendo enviado. 3. Compartilhamento de Dados Seus dados\u00a0n\u00e3o s\u00e3o vendidos, alugados ou compartilhados\u00a0com terceiros, exceto quando necess\u00e1rio para presta\u00e7\u00e3o de servi\u00e7os (como sistemas de agendamento ou envio de e-mails) e sempre em conformidade com esta Pol\u00edtica. 4. Seguran\u00e7a Adotamos medidas de seguran\u00e7a para proteger suas informa\u00e7\u00f5es pessoais contra acesso n\u00e3o autorizado, altera\u00e7\u00e3o, divulga\u00e7\u00e3o ou destrui\u00e7\u00e3o. 5. Seus Direitos Voc\u00ea pode solicitar a exclus\u00e3o ou corre\u00e7\u00e3o de seus dados a qualquer momento. Basta entrar em contato por e-mail ou pelo formul\u00e1rio dispon\u00edvel no site. 6. Altera\u00e7\u00f5es nesta Pol\u00edtica Esta Pol\u00edtica pode ser atualizada periodicamente. Recomendamos que voc\u00ea a revise ocasionalmente para se manter informado sobre como seus dados est\u00e3o sendo protegidos. 7. Contato Em caso de d\u00favidas sobre esta Pol\u00edtica de Privacidade, entre em contato com a Dra. Morgana Moraes atrav\u00e9s do e-mail:\u00a0contato@morgananutri.com<\/p>\n","protected":false},"author":1,"featured_media":0,"parent":0,"menu_order":0,"comment_status":"closed","ping_status":"closed","template":"elementor_header_footer","meta":{"footnotes":""},"class_list":["post-3","page","type-page","status-publish","hentry"],"_links":{"self":[{"href":"https:\/\/creawebs.com.br\/nutricionista\/wp-json\/wp\/v2\/pages\/3","targetHints":{"allow":["GET"]}}],"collection":[{"href":"https:\/\/creawebs.com.br\/nutricionista\/wp-json\/wp\/v2\/pages"}],"about":[{"href":"https:\/\/creawebs.com.br\/nutricionista\/wp-json\/wp\/v2\/types\/page"}],"author":[{"embeddable":true,"href":"https:\/\/creawebs.com.br\/nutricionista\/wp-json\/wp\/v2\/users\/1"}],"replies":[{"embeddable":true,"href":"https:\/\/creawebs.com.br\/nutricionista\/wp-json\/wp\/v2\/comments?post=3"}],"version-history":[{"count":14,"href":"https:\/\/creawebs.com.br\/nutricionista\/wp-json\/wp\/v2\/pages\/3\/revisions"}],"predecessor-version":[{"id":2380,"href":"https:\/\/creawebs.com.br\/nutricionista\/wp-json\/wp\/v2\/pages\/3\/revisions\/2380"}],"wp:attachment":[{"href":"https:\/\/creawebs.com.br\/nutricionista\/wp-json\/wp\/v2\/media?parent=3"}],"curies":[{"name":"wp","href":"https:\/\/api.w.org\/{rel}","templated":true}]}}