{"id":177,"date":"2025-09-17T13:35:00","date_gmt":"2025-09-17T16:35:00","guid":{"rendered":"https:\/\/portaleducabrasil.com\/lojavirtual\/?page_id=177"},"modified":"2025-09-20T13:05:30","modified_gmt":"2025-09-20T16:05:30","slug":"inicio","status":"publish","type":"page","link":"https:\/\/creawebs.com.br\/lojavirtual\/","title":{"rendered":"In\u00edcio"},"content":{"rendered":"\t\t<div data-elementor-type=\"wp-page\" data-elementor-id=\"177\" class=\"elementor elementor-177\">\n\t\t\t\t<div class=\"elementor-element elementor-element-48e5273 e-flex e-con-boxed e-con e-parent\" data-id=\"48e5273\" data-element_type=\"container\" data-settings=\"{&quot;background_background&quot;:&quot;classic&quot;}\">\n\t\t\t\t\t<div class=\"e-con-inner\">\n\t\t\t\t\t<\/div>\n\t\t\t\t<\/div>\n\t\t<div class=\"elementor-element elementor-element-4660f56 e-grid e-con-boxed e-con e-parent\" data-id=\"4660f56\" data-element_type=\"container\">\n\t\t\t\t\t<div class=\"e-con-inner\">\n\t\t\t\t<div class=\"elementor-element elementor-element-4689358 elementor-widget elementor-widget-image\" data-id=\"4689358\" data-element_type=\"widget\" data-widget_type=\"image.default\">\n\t\t\t\t\t\t\t\t\t\t\t\t\t\t\t\t<a href=\"https:\/\/creawebs.com.br\/lojavirtual\/categoria-produto\/blazer\/\">\n\t\t\t\t\t\t\t<img fetchpriority=\"high\" decoding=\"async\" width=\"1080\" height=\"1920\" src=\"https:\/\/creawebs.com.br\/lojavirtual\/wp-content\/uploads\/2025\/09\/blazers.png\" class=\"elementor-animation-grow attachment-full size-full wp-image-506\" alt=\"\" srcset=\"https:\/\/creawebs.com.br\/lojavirtual\/wp-content\/uploads\/2025\/09\/blazers.png 1080w, https:\/\/creawebs.com.br\/lojavirtual\/wp-content\/uploads\/2025\/09\/blazers-600x1067.png 600w, https:\/\/creawebs.com.br\/lojavirtual\/wp-content\/uploads\/2025\/09\/blazers-64x114.png 64w, https:\/\/creawebs.com.br\/lojavirtual\/wp-content\/uploads\/2025\/09\/blazers-169x300.png 169w, https:\/\/creawebs.com.br\/lojavirtual\/wp-content\/uploads\/2025\/09\/blazers-576x1024.png 576w, https:\/\/creawebs.com.br\/lojavirtual\/wp-content\/uploads\/2025\/09\/blazers-768x1365.png 768w, https:\/\/creawebs.com.br\/lojavirtual\/wp-content\/uploads\/2025\/09\/blazers-864x1536.png 864w\" sizes=\"(max-width: 1080px) 100vw, 1080px\" \/>\t\t\t\t\t\t\t\t<\/a>\n\t\t\t\t\t\t\t\t\t\t\t\t\t\t\t<\/div>\n\t\t\t\t<div class=\"elementor-element elementor-element-78d2dd2 elementor-widget elementor-widget-image\" data-id=\"78d2dd2\" data-element_type=\"widget\" data-widget_type=\"image.default\">\n\t\t\t\t\t\t\t\t\t\t\t\t\t\t\t\t<a href=\"https:\/\/creawebs.com.br\/lojavirtual\/categoria-produto\/vestidos\/\">\n\t\t\t\t\t\t\t<img decoding=\"async\" width=\"576\" height=\"1024\" src=\"https:\/\/creawebs.com.br\/lojavirtual\/wp-content\/uploads\/2025\/09\/vvesf-1-576x1024.png\" class=\"elementor-animation-grow attachment-large size-large wp-image-507\" alt=\"\" srcset=\"https:\/\/creawebs.com.br\/lojavirtual\/wp-content\/uploads\/2025\/09\/vvesf-1-576x1024.png 576w, https:\/\/creawebs.com.br\/lojavirtual\/wp-content\/uploads\/2025\/09\/vvesf-1-600x1067.png 600w, https:\/\/creawebs.com.br\/lojavirtual\/wp-content\/uploads\/2025\/09\/vvesf-1-64x114.png 64w, https:\/\/creawebs.com.br\/lojavirtual\/wp-content\/uploads\/2025\/09\/vvesf-1-169x300.png 169w, https:\/\/creawebs.com.br\/lojavirtual\/wp-content\/uploads\/2025\/09\/vvesf-1-768x1365.png 768w, https:\/\/creawebs.com.br\/lojavirtual\/wp-content\/uploads\/2025\/09\/vvesf-1-864x1536.png 864w, https:\/\/creawebs.com.br\/lojavirtual\/wp-content\/uploads\/2025\/09\/vvesf-1.png 1080w\" sizes=\"(max-width: 576px) 100vw, 576px\" \/>\t\t\t\t\t\t\t\t<\/a>\n\t\t\t\t\t\t\t\t\t\t\t\t\t\t\t<\/div>\n\t\t\t\t<div class=\"elementor-element elementor-element-cac24ed elementor-widget elementor-widget-image\" data-id=\"cac24ed\" data-element_type=\"widget\" data-widget_type=\"image.default\">\n\t\t\t\t\t\t\t\t\t\t\t\t\t\t\t\t<a href=\"https:\/\/creawebs.com.br\/lojavirtual\/categoria-produto\/calca\/\">\n\t\t\t\t\t\t\t<img decoding=\"async\" width=\"1080\" height=\"1920\" src=\"https:\/\/creawebs.com.br\/lojavirtual\/wp-content\/uploads\/2025\/09\/vestidos.png\" class=\"elementor-animation-grow attachment-full size-full wp-image-508\" alt=\"\" srcset=\"https:\/\/creawebs.com.br\/lojavirtual\/wp-content\/uploads\/2025\/09\/vestidos.png 1080w, https:\/\/creawebs.com.br\/lojavirtual\/wp-content\/uploads\/2025\/09\/vestidos-600x1067.png 600w, https:\/\/creawebs.com.br\/lojavirtual\/wp-content\/uploads\/2025\/09\/vestidos-64x114.png 64w, https:\/\/creawebs.com.br\/lojavirtual\/wp-content\/uploads\/2025\/09\/vestidos-169x300.png 169w, https:\/\/creawebs.com.br\/lojavirtual\/wp-content\/uploads\/2025\/09\/vestidos-576x1024.png 576w, https:\/\/creawebs.com.br\/lojavirtual\/wp-content\/uploads\/2025\/09\/vestidos-768x1365.png 768w, https:\/\/creawebs.com.br\/lojavirtual\/wp-content\/uploads\/2025\/09\/vestidos-864x1536.png 864w\" sizes=\"(max-width: 1080px) 100vw, 1080px\" \/>\t\t\t\t\t\t\t\t<\/a>\n\t\t\t\t\t\t\t\t\t\t\t\t\t\t\t<\/div>\n\t\t\t\t<div class=\"elementor-element elementor-element-b6ce55f elementor-widget elementor-widget-image\" data-id=\"b6ce55f\" data-element_type=\"widget\" data-widget_type=\"image.default\">\n\t\t\t\t\t\t\t\t\t\t\t\t\t\t\t\t<a href=\"https:\/\/creawebs.com.br\/lojavirtual\/categoria-produto\/alfaiataria\/\">\n\t\t\t\t\t\t\t<img loading=\"lazy\" decoding=\"async\" width=\"1080\" height=\"1920\" src=\"https:\/\/creawebs.com.br\/lojavirtual\/wp-content\/uploads\/2025\/09\/4.png\" class=\"elementor-animation-grow attachment-full size-full wp-image-509\" alt=\"\" srcset=\"https:\/\/creawebs.com.br\/lojavirtual\/wp-content\/uploads\/2025\/09\/4.png 1080w, https:\/\/creawebs.com.br\/lojavirtual\/wp-content\/uploads\/2025\/09\/4-600x1067.png 600w, https:\/\/creawebs.com.br\/lojavirtual\/wp-content\/uploads\/2025\/09\/4-64x114.png 64w, https:\/\/creawebs.com.br\/lojavirtual\/wp-content\/uploads\/2025\/09\/4-169x300.png 169w, https:\/\/creawebs.com.br\/lojavirtual\/wp-content\/uploads\/2025\/09\/4-576x1024.png 576w, https:\/\/creawebs.com.br\/lojavirtual\/wp-content\/uploads\/2025\/09\/4-768x1365.png 768w, https:\/\/creawebs.com.br\/lojavirtual\/wp-content\/uploads\/2025\/09\/4-864x1536.png 864w\" sizes=\"(max-width: 1080px) 100vw, 1080px\" \/>\t\t\t\t\t\t\t\t<\/a>\n\t\t\t\t\t\t\t\t\t\t\t\t\t\t\t<\/div>\n\t\t\t\t\t<\/div>\n\t\t\t\t<\/div>\n\t\t<div class=\"elementor-element elementor-element-78c0ce8 e-flex e-con-boxed e-con e-parent\" data-id=\"78c0ce8\" data-element_type=\"container\">\n\t\t\t\t\t<div class=\"e-con-inner\">\n\t\t\t\t<div class=\"elementor-element elementor-element-7ebe134 elementor-widget elementor-widget-heading\" data-id=\"7ebe134\" data-element_type=\"widget\" data-widget_type=\"heading.default\">\n\t\t\t\t\t<h2 class=\"elementor-heading-title elementor-size-default\">Destaques\n<\/h2>\t\t\t\t<\/div>\n\t\t\t\t<div class=\"elementor-element elementor-element-b96fa75 elementor-widget elementor-widget-shopengine-product-list\" data-id=\"b96fa75\" data-element_type=\"widget\" data-widget_type=\"shopengine-product-list.default\">\n\t\t\t\t\t<div class=\"shopengine shopengine-widget\"><\/div>\t\t\t\t<\/div>\n\t\t\t\t<div class=\"elementor-element elementor-element-a1188ac elementor-align-center elementor-widget elementor-widget-button\" data-id=\"a1188ac\" data-element_type=\"widget\" data-widget_type=\"button.default\">\n\t\t\t\t\t\t\t\t\t\t<a class=\"elementor-button elementor-button-link elementor-size-sm elementor-animation-grow\" href=\"https:\/\/creawebs.com.br\/lojavirtual\/categoria-produto\/destaque\/\">\n\t\t\t\t\t\t<span class=\"elementor-button-content-wrapper\">\n\t\t\t\t\t\t\t\t\t<span class=\"elementor-button-text\">VER TODOS OS DESTAQUES<\/span>\n\t\t\t\t\t<\/span>\n\t\t\t\t\t<\/a>\n\t\t\t\t\t\t\t\t<\/div>\n\t\t\t\t<div class=\"elementor-element elementor-element-8dc3753 elementor-widget elementor-widget-menu-anchor\" data-id=\"8dc3753\" data-element_type=\"widget\" data-widget_type=\"menu-anchor.default\">\n\t\t\t\t\t\t\t<div class=\"elementor-menu-anchor\" id=\"novidades\"><\/div>\n\t\t\t\t\t\t<\/div>\n\t\t\t\t<div class=\"elementor-element elementor-element-8b5f31d elementor-widget elementor-widget-heading\" data-id=\"8b5f31d\" data-element_type=\"widget\" data-widget_type=\"heading.default\">\n\t\t\t\t\t<h2 class=\"elementor-heading-title elementor-size-default\">Nova Cole\u00e7\u00e3o\n<\/h2>\t\t\t\t<\/div>\n\t\t\t\t<div class=\"elementor-element elementor-element-f669d8a elementor-widget elementor-widget-shopengine-product-list\" data-id=\"f669d8a\" data-element_type=\"widget\" data-widget_type=\"shopengine-product-list.default\">\n\t\t\t\t\t<div class=\"shopengine shopengine-widget\"><\/div>\t\t\t\t<\/div>\n\t\t\t\t<div class=\"elementor-element elementor-element-e87f1c2 elementor-align-center elementor-widget elementor-widget-button\" data-id=\"e87f1c2\" data-element_type=\"widget\" data-widget_type=\"button.default\">\n\t\t\t\t\t\t\t\t\t\t<a class=\"elementor-button elementor-button-link elementor-size-sm elementor-animation-grow\" href=\"https:\/\/creawebs.com.br\/lojavirtual\/categoria-produto\/outono-inverno\/\">\n\t\t\t\t\t\t<span class=\"elementor-button-content-wrapper\">\n\t\t\t\t\t\t\t\t\t<span class=\"elementor-button-text\">VER TODA A NOVA COLE\u00c7\u00c3O<\/span>\n\t\t\t\t\t<\/span>\n\t\t\t\t\t<\/a>\n\t\t\t\t\t\t\t\t<\/div>\n\t\t\t\t<div class=\"elementor-element elementor-element-ba425d4 elementor-widget elementor-widget-heading\" data-id=\"ba425d4\" data-element_type=\"widget\" data-widget_type=\"heading.default\">\n\t\t\t\t\t<h2 class=\"elementor-heading-title elementor-size-default\">Vestidos\n<\/h2>\t\t\t\t<\/div>\n\t\t\t\t<div class=\"elementor-element elementor-element-69f926f elementor-widget elementor-widget-shopengine-product-list\" data-id=\"69f926f\" data-element_type=\"widget\" data-widget_type=\"shopengine-product-list.default\">\n\t\t\t\t\t<div class=\"shopengine shopengine-widget\"><\/div>\t\t\t\t<\/div>\n\t\t\t\t<div class=\"elementor-element elementor-element-93a5f35 elementor-align-center elementor-widget elementor-widget-button\" data-id=\"93a5f35\" data-element_type=\"widget\" data-widget_type=\"button.default\">\n\t\t\t\t\t\t\t\t\t\t<a class=\"elementor-button elementor-button-link elementor-size-sm elementor-animation-grow\" href=\"https:\/\/creawebs.com.br\/lojavirtual\/categoria-produto\/vestidos\/\">\n\t\t\t\t\t\t<span class=\"elementor-button-content-wrapper\">\n\t\t\t\t\t\t\t\t\t<span class=\"elementor-button-text\">VER TODOS OS VESTIDOS<\/span>\n\t\t\t\t\t<\/span>\n\t\t\t\t\t<\/a>\n\t\t\t\t\t\t\t\t<\/div>\n\t\t\t\t\t<\/div>\n\t\t\t\t<\/div>\n\t\t<div class=\"elementor-element elementor-element-4a85e89 e-flex e-con-boxed e-con e-parent\" data-id=\"4a85e89\" data-element_type=\"container\">\n\t\t\t\t\t<div class=\"e-con-inner\">\n\t\t<div class=\"elementor-element elementor-element-e48166a e-con-full e-flex e-con e-child\" data-id=\"e48166a\" data-element_type=\"container\">\n\t\t\t\t<div class=\"elementor-element elementor-element-cb01352 elementor-widget elementor-widget-image\" data-id=\"cb01352\" data-element_type=\"widget\" data-widget_type=\"image.default\">\n\t\t\t\t\t\t\t\t\t\t\t\t\t\t\t<img loading=\"lazy\" decoding=\"async\" width=\"600\" height=\"900\" src=\"https:\/\/creawebs.com.br\/lojavirtual\/wp-content\/uploads\/2025\/09\/ginger-woman-trendy-sunglasses-poses-outside-smiles-1.webp\" class=\"attachment-full size-full wp-image-602\" alt=\"\" srcset=\"https:\/\/creawebs.com.br\/lojavirtual\/wp-content\/uploads\/2025\/09\/ginger-woman-trendy-sunglasses-poses-outside-smiles-1.webp 600w, https:\/\/creawebs.com.br\/lojavirtual\/wp-content\/uploads\/2025\/09\/ginger-woman-trendy-sunglasses-poses-outside-smiles-1-64x96.webp 64w, https:\/\/creawebs.com.br\/lojavirtual\/wp-content\/uploads\/2025\/09\/ginger-woman-trendy-sunglasses-poses-outside-smiles-1-200x300.webp 200w\" sizes=\"(max-width: 600px) 100vw, 600px\" \/>\t\t\t\t\t\t\t\t\t\t\t\t\t\t\t<\/div>\n\t\t\t\t<\/div>\n\t\t<div class=\"elementor-element elementor-element-f311f4b e-con-full e-flex e-con e-child\" data-id=\"f311f4b\" data-element_type=\"container\">\n\t\t\t\t<div class=\"elementor-element elementor-element-998cff7 elementor-widget elementor-widget-heading\" data-id=\"998cff7\" data-element_type=\"widget\" data-widget_type=\"heading.default\">\n\t\t\t\t\t<h2 class=\"elementor-heading-title elementor-size-default\">Conhe\u00e7a a Helena\n<\/h2>\t\t\t\t<\/div>\n\t\t\t\t<div class=\"elementor-element elementor-element-1591f9d elementor-widget elementor-widget-text-editor\" data-id=\"1591f9d\" data-element_type=\"widget\" data-widget_type=\"text-editor.default\">\n\t\t\t\t\t\t\t\t\t<p><strong>Helena Closet: Seu pedacinho de estilo<\/strong><\/p><p>Ol\u00e1, queridas! Sejam bem-vindas ao Helena Closet, meu espa\u00e7o dedicado \u00e0 moda feminina!<\/p><p>Sou a Helena, idealizadora da loja, e me sinto realizada em compartilhar minha paix\u00e3o por roupas com voc\u00eas.<\/p><p>A hist\u00f3ria do Helena Closet come\u00e7ou com meu fasc\u00ednio pela moda desde a inf\u00e2ncia. Observava as mulheres na rua e me inspirava em seus estilos, sempre atenta \u00e0s tend\u00eancias.<\/p><p>Em 2018, realizei o sonho de ter minha pr\u00f3pria loja, oferecendo pe\u00e7as lindas, de qualidade e que real\u00e7am a beleza de cada mulher.<\/p><p>Acredito que a roupa \u00e9 express\u00e3o pessoal e cada mulher tem seu estilo \u00fanico. Por isso, ofere\u00e7o uma grande variedade de pe\u00e7as, desde cl\u00e1ssicas at\u00e9 modernas, de marcas renomadas.<\/p><p>No Helena Closet, voc\u00ea encontra tudo para se sentir linda e confiante em qualquer ocasi\u00e3o.<\/p><p>Mais do que uma loja, o Helena Closet \u00e9 um espa\u00e7o acolhedor, onde voc\u00ea \u00e9 recebida com um sorriso e por uma equipe dedicada a te ajudar a encontrar o look perfeito.<\/p><p>Meu objetivo \u00e9 oferecer uma experi\u00eancia de compra agrad\u00e1vel e personalizada, para que voc\u00ea se sinta ainda mais maravilhosa.<\/p><p>Venha conhecer o Helena Closet e se encante com nosso mundo de moda e estilo!<\/p><p><strong>Beijos Helena<\/strong><\/p>\t\t\t\t\t\t\t\t<\/div>\n\t\t\t\t<div class=\"elementor-element elementor-element-2f4f7b6 elementor-align-center elementor-widget elementor-widget-button\" data-id=\"2f4f7b6\" data-element_type=\"widget\" data-widget_type=\"button.default\">\n\t\t\t\t\t\t\t\t\t\t<a class=\"elementor-button elementor-button-link elementor-size-sm elementor-animation-grow\" href=\"https:\/\/creawebs.com.br\/lojavirtual\/sobre-nos\/\">\n\t\t\t\t\t\t<span class=\"elementor-button-content-wrapper\">\n\t\t\t\t\t\t<span class=\"elementor-button-icon\">\n\t\t\t\t<svg aria-hidden=\"true\" class=\"e-font-icon-svg e-far-arrow-alt-circle-right\" viewBox=\"0 0 512 512\" xmlns=\"http:\/\/www.w3.org\/2000\/svg\"><path d=\"M504 256C504 119 393 8 256 8S8 119 8 256s111 248 248 248 248-111 248-248zm-448 0c0-110.5 89.5-200 200-200s200 89.5 200 200-89.5 200-200 200S56 366.5 56 256zm72 20v-40c0-6.6 5.4-12 12-12h116v-67c0-10.7 12.9-16 20.5-8.5l99 99c4.7 4.7 4.7 12.3 0 17l-99 99c-7.6 7.6-20.5 2.2-20.5-8.5v-67H140c-6.6 0-12-5.4-12-12z\"><\/path><\/svg>\t\t\t<\/span>\n\t\t\t\t\t\t\t\t\t<span class=\"elementor-button-text\">Saiba Mais<\/span>\n\t\t\t\t\t<\/span>\n\t\t\t\t\t<\/a>\n\t\t\t\t\t\t\t\t<\/div>\n\t\t\t\t<\/div>\n\t\t\t\t\t<\/div>\n\t\t\t\t<\/div>\n\t\t\t\t<\/div>\n\t\t\n    <div class=\"xs_social_share_widget xs_share_url after_content \t\tmain_content  wslu-style-1 wslu-share-box-shaped wslu-fill-colored wslu-none wslu-share-horizontal wslu-theme-font-no wslu-main_content\">\n\n\t\t\n        <ul>\n\t\t\t        <\/ul>\n    <\/div> \n","protected":false},"excerpt":{"rendered":"<p>Destaques Ver op\u00e7\u00f5es Este produto tem v\u00e1rias variantes. As op\u00e7\u00f5es podem ser escolhidas na p\u00e1gina do produto Sale! Blusa Blusa de malha manga longa Avalia\u00e7\u00e3o 5.00 de 5(1) &#82;&#36;&nbsp;150,00 O pre\u00e7o original era: &#082;&#036;&nbsp;150,00.&#82;&#36;&nbsp;89,00O pre\u00e7o atual \u00e9: &#082;&#036;&nbsp;89,00. Adicionar ao carrinho Vestidos Vestido longo azul marinho com Avalia\u00e7\u00e3o 5.00 de 5(1) &#82;&#36;&nbsp;150,00 Adicionar ao carrinho [&hellip;]<\/p>\n","protected":false},"author":1,"featured_media":0,"parent":0,"menu_order":0,"comment_status":"closed","ping_status":"closed","template":"elementor_header_footer","meta":{"postBodyCss":"","postBodyMargin":[],"postBodyPadding":[],"postBodyBackground":{"backgroundType":"classic","gradient":""},"_joinchat":[],"footnotes":""},"class_list":["post-177","page","type-page","status-publish","hentry"],"_hostinger_reach_plugin_has_subscription_block":false,"_hostinger_reach_plugin_is_elementor":false,"_links":{"self":[{"href":"https:\/\/creawebs.com.br\/lojavirtual\/wp-json\/wp\/v2\/pages\/177","targetHints":{"allow":["GET"]}}],"collection":[{"href":"https:\/\/creawebs.com.br\/lojavirtual\/wp-json\/wp\/v2\/pages"}],"about":[{"href":"https:\/\/creawebs.com.br\/lojavirtual\/wp-json\/wp\/v2\/types\/page"}],"author":[{"embeddable":true,"href":"https:\/\/creawebs.com.br\/lojavirtual\/wp-json\/wp\/v2\/users\/1"}],"replies":[{"embeddable":true,"href":"https:\/\/creawebs.com.br\/lojavirtual\/wp-json\/wp\/v2\/comments?post=177"}],"version-history":[{"count":175,"href":"https:\/\/creawebs.com.br\/lojavirtual\/wp-json\/wp\/v2\/pages\/177\/revisions"}],"predecessor-version":[{"id":1189,"href":"https:\/\/creawebs.com.br\/lojavirtual\/wp-json\/wp\/v2\/pages\/177\/revisions\/1189"}],"wp:attachment":[{"href":"https:\/\/creawebs.com.br\/lojavirtual\/wp-json\/wp\/v2\/media?parent=177"}],"curies":[{"name":"wp","href":"https:\/\/api.w.org\/{rel}","templated":true}]}}