{"id":15,"date":"2025-12-02T12:58:17","date_gmt":"2025-12-02T15:58:17","guid":{"rendered":"https:\/\/portaleducabrasil.com\/clinicaestetica\/?page_id=15"},"modified":"2025-12-10T19:13:37","modified_gmt":"2025-12-10T22:13:37","slug":"nossa-equipe","status":"publish","type":"page","link":"https:\/\/creawebs.com.br\/clinicaestetica\/nossa-equipe\/","title":{"rendered":"Nossa Equipe"},"content":{"rendered":"\t\t<div data-elementor-type=\"wp-page\" data-elementor-id=\"15\" class=\"elementor elementor-15\">\n\t\t\t\t<div class=\"elementor-element elementor-element-0e359ca e-flex e-con-boxed wpr-particle-no wpr-jarallax-no wpr-parallax-no wpr-sticky-section-no e-con e-parent\" data-id=\"0e359ca\" data-element_type=\"container\" data-settings=\"{&quot;background_background&quot;:&quot;classic&quot;}\">\n\t\t\t\t\t<div class=\"e-con-inner\">\n\t\t\t\t<div class=\"elementor-element elementor-element-4121945 elementor-widget elementor-widget-heading\" data-id=\"4121945\" data-element_type=\"widget\" data-widget_type=\"heading.default\">\n\t\t\t\t\t<h2 class=\"elementor-heading-title elementor-size-default\">Nossa Equipe\n<\/h2>\t\t\t\t<\/div>\n\t\t\t\t<div class=\"elementor-element elementor-element-9ab7a3a elementor-widget elementor-widget-heading\" data-id=\"9ab7a3a\" data-element_type=\"widget\" data-widget_type=\"heading.default\">\n\t\t\t\t\t<h2 class=\"elementor-heading-title elementor-size-default\">Conhe\u00e7a a Nossa Equipe de Especialistas em Est\u00e9tica, unindo Talentos para Real\u00e7ar Sua Beleza\n<\/h2>\t\t\t\t<\/div>\n\t\t\t\t\t<\/div>\n\t\t\t\t<\/div>\n\t\t<div class=\"elementor-element elementor-element-1fcf3d8 e-flex e-con-boxed wpr-particle-no wpr-jarallax-no wpr-parallax-no wpr-sticky-section-no e-con e-child\" data-id=\"1fcf3d8\" data-element_type=\"container\">\n\t\t\t\t\t<div class=\"e-con-inner\">\n\t\t\t\t<div class=\"elementor-element elementor-element-f114343 elementor-position-top animated-slow elementor-position-top elementor-invisible elementor-widget elementor-widget-image-box\" data-id=\"f114343\" data-element_type=\"widget\" data-settings=\"{&quot;_animation&quot;:&quot;fadeIn&quot;,&quot;_animation_delay&quot;:300}\" data-widget_type=\"image-box.default\">\n\t\t\t\t\t<div class=\"elementor-image-box-wrapper\"><figure class=\"elementor-image-box-img\"><a href=\"https:\/\/creawebs.com.br\/clinicaestetica\/dra-anastasia\/\" tabindex=\"-1\"><img fetchpriority=\"high\" decoding=\"async\" width=\"400\" height=\"400\" src=\"https:\/\/creawebs.com.br\/clinicaestetica\/wp-content\/uploads\/2025\/12\/Design-sem-nome-99.png\" class=\"attachment-full size-full wp-image-735\" alt=\"\" srcset=\"https:\/\/creawebs.com.br\/clinicaestetica\/wp-content\/uploads\/2025\/12\/Design-sem-nome-99.png 400w, https:\/\/creawebs.com.br\/clinicaestetica\/wp-content\/uploads\/2025\/12\/Design-sem-nome-99-300x300.png 300w, https:\/\/creawebs.com.br\/clinicaestetica\/wp-content\/uploads\/2025\/12\/Design-sem-nome-99-150x150.png 150w\" sizes=\"(max-width: 400px) 100vw, 400px\" \/><\/a><\/figure><div class=\"elementor-image-box-content\"><h3 class=\"elementor-image-box-title\"><a href=\"https:\/\/creawebs.com.br\/clinicaestetica\/dra-anastasia\/\">Dra Anast\u00e1sia<\/a><\/h3><p class=\"elementor-image-box-description\">CRM 0001-000<br><br>\n\nLorem ipsum dolor sit amet, consectetur adipiscing elit. Ut elit tellus, luctus nec ullamcorper mattis, pulvinar dapibus leo.<br>\n\n<a href=\"https:\/\/creawebs.com.br\/clinicaestetica\/dra-anastasia\/\"><span style=\"text-decoration: underline\">Saiba Mais<\/span><\/a><\/p><\/div><\/div>\t\t\t\t<\/div>\n\t\t\t\t<div class=\"elementor-element elementor-element-ab49fe8 elementor-position-top animated-slow elementor-position-top elementor-invisible elementor-widget elementor-widget-image-box\" data-id=\"ab49fe8\" data-element_type=\"widget\" data-settings=\"{&quot;_animation&quot;:&quot;fadeIn&quot;,&quot;_animation_delay&quot;:300}\" data-widget_type=\"image-box.default\">\n\t\t\t\t\t<div class=\"elementor-image-box-wrapper\"><figure class=\"elementor-image-box-img\"><a href=\"https:\/\/creawebs.com.br\/clinicaestetica\/dra-priscila\/\" tabindex=\"-1\"><img decoding=\"async\" width=\"400\" height=\"400\" src=\"https:\/\/creawebs.com.br\/clinicaestetica\/wp-content\/uploads\/2025\/12\/Design-sem-nome-97.png\" class=\"attachment-full size-full wp-image-733\" alt=\"\" srcset=\"https:\/\/creawebs.com.br\/clinicaestetica\/wp-content\/uploads\/2025\/12\/Design-sem-nome-97.png 400w, https:\/\/creawebs.com.br\/clinicaestetica\/wp-content\/uploads\/2025\/12\/Design-sem-nome-97-300x300.png 300w, https:\/\/creawebs.com.br\/clinicaestetica\/wp-content\/uploads\/2025\/12\/Design-sem-nome-97-150x150.png 150w\" sizes=\"(max-width: 400px) 100vw, 400px\" \/><\/a><\/figure><div class=\"elementor-image-box-content\"><h3 class=\"elementor-image-box-title\"><a href=\"https:\/\/creawebs.com.br\/clinicaestetica\/dra-priscila\/\">Dra Priscila<\/a><\/h3><p class=\"elementor-image-box-description\">CRM 0001-000<br><br>\n\nLorem ipsum dolor sit amet, consectetur adipiscing elit. Ut elit tellus, luctus nec ullamcorper mattis, pulvinar dapibus leo.<br>\n<a href=\"https:\/\/creawebs.com.br\/clinicaestetica\/dra-priscila\/\"><span style=\"text-decoration: underline\">Saiba Mais<\/span><\/a>\n<\/p><\/div><\/div>\t\t\t\t<\/div>\n\t\t\t\t<div class=\"elementor-element elementor-element-6c7c4a6 elementor-position-top animated-slow elementor-position-top elementor-invisible elementor-widget elementor-widget-image-box\" data-id=\"6c7c4a6\" data-element_type=\"widget\" data-settings=\"{&quot;_animation&quot;:&quot;fadeIn&quot;,&quot;_animation_delay&quot;:300}\" data-widget_type=\"image-box.default\">\n\t\t\t\t\t<div class=\"elementor-image-box-wrapper\"><figure class=\"elementor-image-box-img\"><a href=\"https:\/\/creawebs.com.br\/clinicaestetica\/dr-fernando\/\" tabindex=\"-1\"><img decoding=\"async\" width=\"400\" height=\"400\" src=\"https:\/\/creawebs.com.br\/clinicaestetica\/wp-content\/uploads\/2025\/12\/Design-sem-nome-100.png\" class=\"attachment-full size-full wp-image-736\" alt=\"\" srcset=\"https:\/\/creawebs.com.br\/clinicaestetica\/wp-content\/uploads\/2025\/12\/Design-sem-nome-100.png 400w, https:\/\/creawebs.com.br\/clinicaestetica\/wp-content\/uploads\/2025\/12\/Design-sem-nome-100-300x300.png 300w, https:\/\/creawebs.com.br\/clinicaestetica\/wp-content\/uploads\/2025\/12\/Design-sem-nome-100-150x150.png 150w\" sizes=\"(max-width: 400px) 100vw, 400px\" \/><\/a><\/figure><div class=\"elementor-image-box-content\"><h3 class=\"elementor-image-box-title\"><a href=\"https:\/\/creawebs.com.br\/clinicaestetica\/dr-fernando\/\">Dr Fernando<\/a><\/h3><p class=\"elementor-image-box-description\">CRM 0001-000<br><br>\n\nLorem ipsum dolor sit amet, consectetur adipiscing elit. Ut elit tellus, luctus nec ullamcorper mattis, pulvinar dapibus leo.<br>\n<a href=\"https:\/\/creawebs.com.br\/clinicaestetica\/dr-fernando\/\"><span style=\"text-decoration: underline\">Saiba Mais<\/span><\/a>\n<\/p><\/div><\/div>\t\t\t\t<\/div>\n\t\t\t\t<div class=\"elementor-element elementor-element-dab6aa3 elementor-position-top animated-slow elementor-position-top elementor-invisible elementor-widget elementor-widget-image-box\" data-id=\"dab6aa3\" data-element_type=\"widget\" data-settings=\"{&quot;_animation&quot;:&quot;fadeIn&quot;,&quot;_animation_delay&quot;:300}\" data-widget_type=\"image-box.default\">\n\t\t\t\t\t<div class=\"elementor-image-box-wrapper\"><figure class=\"elementor-image-box-img\"><a href=\"https:\/\/creawebs.com.br\/clinicaestetica\/dra-julia\/\" tabindex=\"-1\"><img loading=\"lazy\" decoding=\"async\" width=\"400\" height=\"400\" src=\"https:\/\/creawebs.com.br\/clinicaestetica\/wp-content\/uploads\/2025\/12\/Design-sem-nome-98.png\" class=\"attachment-full size-full wp-image-734\" alt=\"\" srcset=\"https:\/\/creawebs.com.br\/clinicaestetica\/wp-content\/uploads\/2025\/12\/Design-sem-nome-98.png 400w, https:\/\/creawebs.com.br\/clinicaestetica\/wp-content\/uploads\/2025\/12\/Design-sem-nome-98-300x300.png 300w, https:\/\/creawebs.com.br\/clinicaestetica\/wp-content\/uploads\/2025\/12\/Design-sem-nome-98-150x150.png 150w\" sizes=\"(max-width: 400px) 100vw, 400px\" \/><\/a><\/figure><div class=\"elementor-image-box-content\"><h3 class=\"elementor-image-box-title\"><a href=\"https:\/\/creawebs.com.br\/clinicaestetica\/dra-julia\/\">Dra J\u00falia<\/a><\/h3><p class=\"elementor-image-box-description\">CRM 0001-000<br><br>\n\nLorem ipsum dolor sit amet, consectetur adipiscing elit. Ut elit tellus, luctus nec ullamcorper mattis, pulvinar dapibus leo.<br><a href=\"https:\/\/creawebs.com.br\/clinicaestetica\/dra-julia\/\"><span style=\"text-decoration: underline\">Saiba Mais<\/span><\/a>\n<\/p><\/div><\/div>\t\t\t\t<\/div>\n\t\t\t\t\t<\/div>\n\t\t\t\t<\/div>\n\t\t<div class=\"elementor-element elementor-element-687513e e-flex e-con-boxed wpr-particle-no wpr-jarallax-no wpr-parallax-no wpr-sticky-section-no e-con e-parent\" data-id=\"687513e\" data-element_type=\"container\">\n\t\t\t\t\t<div class=\"e-con-inner\">\n\t\t\t\t<div class=\"elementor-element elementor-element-973ba7e elementor-align-center elementor-widget elementor-widget-button\" data-id=\"973ba7e\" data-element_type=\"widget\" data-widget_type=\"button.default\">\n\t\t\t\t\t\t\t\t\t\t<a class=\"elementor-button elementor-button-link elementor-size-sm elementor-animation-grow\" href=\"#\">\n\t\t\t\t\t\t<span class=\"elementor-button-content-wrapper\">\n\t\t\t\t\t\t<span class=\"elementor-button-icon\">\n\t\t\t\t<svg aria-hidden=\"true\" class=\"e-font-icon-svg e-fab-whatsapp\" viewBox=\"0 0 448 512\" xmlns=\"http:\/\/www.w3.org\/2000\/svg\"><path d=\"M380.9 97.1C339 55.1 283.2 32 223.9 32c-122.4 0-222 99.6-222 222 0 39.1 10.2 77.3 29.6 111L0 480l117.7-30.9c32.4 17.7 68.9 27 106.1 27h.1c122.3 0 224.1-99.6 224.1-222 0-59.3-25.2-115-67.1-157zm-157 341.6c-33.2 0-65.7-8.9-94-25.7l-6.7-4-69.8 18.3L72 359.2l-4.4-7c-18.5-29.4-28.2-63.3-28.2-98.2 0-101.7 82.8-184.5 184.6-184.5 49.3 0 95.6 19.2 130.4 54.1 34.8 34.9 56.2 81.2 56.1 130.5 0 101.8-84.9 184.6-186.6 184.6zm101.2-138.2c-5.5-2.8-32.8-16.2-37.9-18-5.1-1.9-8.8-2.8-12.5 2.8-3.7 5.6-14.3 18-17.6 21.8-3.2 3.7-6.5 4.2-12 1.4-32.6-16.3-54-29.1-75.5-66-5.7-9.8 5.7-9.1 16.3-30.3 1.8-3.7.9-6.9-.5-9.7-1.4-2.8-12.5-30.1-17.1-41.2-4.5-10.8-9.1-9.3-12.5-9.5-3.2-.2-6.9-.2-10.6-.2-3.7 0-9.7 1.4-14.8 6.9-5.1 5.6-19.4 19-19.4 46.3 0 27.3 19.9 53.7 22.6 57.4 2.8 3.7 39.1 59.7 94.8 83.8 35.2 15.2 49 16.5 66.6 13.9 10.7-1.6 32.8-13.4 37.4-26.4 4.6-13 4.6-24.1 3.2-26.4-1.3-2.5-5-3.9-10.5-6.6z\"><\/path><\/svg>\t\t\t<\/span>\n\t\t\t\t\t\t\t\t\t<span class=\"elementor-button-text\">Agendar Consulta<\/span>\n\t\t\t\t\t<\/span>\n\t\t\t\t\t<\/a>\n\t\t\t\t\t\t\t\t<\/div>\n\t\t\t\t\t<\/div>\n\t\t\t\t<\/div>\n\t\t\t\t<\/div>\n\t\t","protected":false},"excerpt":{"rendered":"<p>Nossa Equipe Conhe\u00e7a a Nossa Equipe de Especialistas em Est\u00e9tica, unindo Talentos para Real\u00e7ar Sua Beleza Dra Anast\u00e1sia CRM 0001-000 Lorem ipsum dolor sit amet, consectetur adipiscing elit. Ut elit tellus, luctus nec ullamcorper mattis, pulvinar dapibus leo. Saiba Mais Dra Priscila CRM 0001-000 Lorem ipsum dolor sit amet, consectetur adipiscing elit. Ut elit tellus, luctus nec ullamcorper mattis, pulvinar dapibus leo. Saiba Mais Dr Fernando CRM 0001-000 Lorem ipsum dolor sit amet, consectetur adipiscing elit. Ut elit tellus, luctus nec ullamcorper mattis, pulvinar dapibus leo. Saiba Mais Dra J\u00falia CRM 0001-000 Lorem ipsum dolor sit amet, consectetur adipiscing elit. Ut elit tellus, luctus nec ullamcorper mattis, pulvinar dapibus leo.Saiba Mais Agendar Consulta<\/p>\n","protected":false},"author":1,"featured_media":0,"parent":0,"menu_order":0,"comment_status":"closed","ping_status":"closed","template":"elementor_header_footer","meta":{"_joinchat":[],"footnotes":""},"class_list":["post-15","page","type-page","status-publish","hentry"],"_hostinger_reach_plugin_has_subscription_block":false,"_hostinger_reach_plugin_is_elementor":false,"_links":{"self":[{"href":"https:\/\/creawebs.com.br\/clinicaestetica\/wp-json\/wp\/v2\/pages\/15","targetHints":{"allow":["GET"]}}],"collection":[{"href":"https:\/\/creawebs.com.br\/clinicaestetica\/wp-json\/wp\/v2\/pages"}],"about":[{"href":"https:\/\/creawebs.com.br\/clinicaestetica\/wp-json\/wp\/v2\/types\/page"}],"author":[{"embeddable":true,"href":"https:\/\/creawebs.com.br\/clinicaestetica\/wp-json\/wp\/v2\/users\/1"}],"replies":[{"embeddable":true,"href":"https:\/\/creawebs.com.br\/clinicaestetica\/wp-json\/wp\/v2\/comments?post=15"}],"version-history":[{"count":43,"href":"https:\/\/creawebs.com.br\/clinicaestetica\/wp-json\/wp\/v2\/pages\/15\/revisions"}],"predecessor-version":[{"id":1531,"href":"https:\/\/creawebs.com.br\/clinicaestetica\/wp-json\/wp\/v2\/pages\/15\/revisions\/1531"}],"wp:attachment":[{"href":"https:\/\/creawebs.com.br\/clinicaestetica\/wp-json\/wp\/v2\/media?parent=15"}],"curies":[{"name":"wp","href":"https:\/\/api.w.org\/{rel}","templated":true}]}}