{"id":13,"date":"2025-11-20T11:50:34","date_gmt":"2025-11-20T14:50:34","guid":{"rendered":"https:\/\/portaleducabrasil.com\/almeidaefreitasadv\/?page_id=13"},"modified":"2025-12-17T19:19:52","modified_gmt":"2025-12-17T22:19:52","slug":"sobre","status":"publish","type":"page","link":"https:\/\/creawebs.com.br\/almeidaefreitasadv\/sobre\/","title":{"rendered":"Sobre"},"content":{"rendered":"\t\t<div data-elementor-type=\"wp-page\" data-elementor-id=\"13\" class=\"elementor elementor-13\">\n\t\t\t\t<div class=\"elementor-element elementor-element-ff2f940 e-flex e-con-boxed wpr-particle-no wpr-jarallax-no wpr-parallax-no wpr-sticky-section-no e-con e-parent\" data-id=\"ff2f940\" data-element_type=\"container\" data-e-type=\"container\">\n\t\t\t\t\t<div class=\"e-con-inner\">\n\t\t\t\t\t<\/div>\n\t\t\t\t<\/div>\n\t\t<div class=\"elementor-element elementor-element-28dbe79 animated-slow e-con-full e-flex wpr-particle-no wpr-jarallax-no wpr-parallax-no wpr-sticky-section-no elementor-invisible e-con e-child\" data-id=\"28dbe79\" data-element_type=\"container\" data-e-type=\"container\" data-settings=\"{&quot;background_background&quot;:&quot;classic&quot;,&quot;animation&quot;:&quot;zoomIn&quot;}\">\n\t\t\t\t<div class=\"elementor-element elementor-element-b0a6d99 elementor-widget elementor-widget-heading\" data-id=\"b0a6d99\" data-element_type=\"widget\" data-e-type=\"widget\" data-widget_type=\"heading.default\">\n\t\t\t\t\t<h2 class=\"elementor-heading-title elementor-size-default\">Sobre <\/h2>\t\t\t\t<\/div>\n\t\t<div class=\"elementor-element elementor-element-991d34a e-con-full e-flex wpr-particle-no wpr-jarallax-no wpr-parallax-no wpr-sticky-section-no e-con e-child\" data-id=\"991d34a\" data-element_type=\"container\" data-e-type=\"container\">\n\t\t\t\t<div class=\"elementor-element elementor-element-d1e08c6 elementor-widget elementor-widget-text-editor\" data-id=\"d1e08c6\" data-element_type=\"widget\" data-e-type=\"widget\" data-widget_type=\"text-editor.default\">\n\t\t\t\t\t\t\t\t\t<p>A <em>atualiza\u00e7\u00e3o constante<\/em>, a <em>aprimorada capacita\u00e7\u00e3o<\/em> e a <em>viv\u00eancia profissional<\/em> dos nossos advogados convergem para a qualidade das solu\u00e7\u00f5es jur\u00eddicas oferecidas pelo escrit\u00f3rio Almeida e Freitas Advogados Associados. <br \/>A \u00e9tica, a objetividade e a transpar\u00eancia s\u00e3o<br \/>compromissos do nosso escrit\u00f3rio com os clientes na presta\u00e7\u00e3o dos servi\u00e7os advocat\u00edcios.<br \/>O Almeida e Freitas Advogados Associados combina conhecimento e vis\u00e3o multidisciplinar em um ambiente colaborativo e moderno, que busca solu\u00e7\u00f5es jur\u00eddicas inovadoras, atrav\u00e9s<br \/>do olhar cuidadoso e sist\u00eamico, atento \u00e0s reais necessidades dos clientes.<\/p><p>No Almeida e Freitas Advogados Associados, se acredita em fazer diferente e trazer o futuro agora.<\/p>\t\t\t\t\t\t\t\t<\/div>\n\t\t\t\t<\/div>\n\t\t\t\t<\/div>\n\t\t\t\t<\/div>\n\t\t","protected":false},"excerpt":{"rendered":"<p>Sobre A atualiza\u00e7\u00e3o constante, a aprimorada capacita\u00e7\u00e3o e a viv\u00eancia profissional dos nossos advogados convergem para a qualidade das solu\u00e7\u00f5es jur\u00eddicas oferecidas pelo escrit\u00f3rio Almeida e Freitas Advogados Associados. A \u00e9tica, a objetividade e a transpar\u00eancia s\u00e3ocompromissos do nosso escrit\u00f3rio com os clientes na presta\u00e7\u00e3o dos servi\u00e7os advocat\u00edcios.O Almeida e Freitas Advogados Associados combina conhecimento e vis\u00e3o multidisciplinar em um ambiente colaborativo e moderno, que busca solu\u00e7\u00f5es jur\u00eddicas inovadoras, atrav\u00e9sdo olhar cuidadoso e sist\u00eamico, atento \u00e0s reais necessidades dos clientes. No Almeida e Freitas Advogados Associados, se acredita em fazer diferente e trazer o futuro agora.<\/p>\n","protected":false},"author":1,"featured_media":0,"parent":0,"menu_order":0,"comment_status":"closed","ping_status":"closed","template":"elementor_header_footer","meta":{"footnotes":""},"class_list":["post-13","page","type-page","status-publish","hentry"],"_hostinger_reach_plugin_has_subscription_block":false,"_hostinger_reach_plugin_is_elementor":false,"_links":{"self":[{"href":"https:\/\/creawebs.com.br\/almeidaefreitasadv\/wp-json\/wp\/v2\/pages\/13","targetHints":{"allow":["GET"]}}],"collection":[{"href":"https:\/\/creawebs.com.br\/almeidaefreitasadv\/wp-json\/wp\/v2\/pages"}],"about":[{"href":"https:\/\/creawebs.com.br\/almeidaefreitasadv\/wp-json\/wp\/v2\/types\/page"}],"author":[{"embeddable":true,"href":"https:\/\/creawebs.com.br\/almeidaefreitasadv\/wp-json\/wp\/v2\/users\/1"}],"replies":[{"embeddable":true,"href":"https:\/\/creawebs.com.br\/almeidaefreitasadv\/wp-json\/wp\/v2\/comments?post=13"}],"version-history":[{"count":3,"href":"https:\/\/creawebs.com.br\/almeidaefreitasadv\/wp-json\/wp\/v2\/pages\/13\/revisions"}],"predecessor-version":[{"id":5198,"href":"https:\/\/creawebs.com.br\/almeidaefreitasadv\/wp-json\/wp\/v2\/pages\/13\/revisions\/5198"}],"wp:attachment":[{"href":"https:\/\/creawebs.com.br\/almeidaefreitasadv\/wp-json\/wp\/v2\/media?parent=13"}],"curies":[{"name":"wp","href":"https:\/\/api.w.org\/{rel}","templated":true}]}}